{"id":15,"date":"2024-03-15T15:07:05","date_gmt":"2024-03-15T15:07:05","guid":{"rendered":"https:\/\/easeguros.com\/wordpress\/?page_id=15"},"modified":"2024-08-19T16:44:27","modified_gmt":"2024-08-19T16:44:27","slug":"quienes-somos","status":"publish","type":"page","link":"https:\/\/easeguros.com\/wordpress\/?page_id=15","title":{"rendered":"Quienes Somos"},"content":{"rendered":"\t\t<div data-elementor-type=\"wp-page\" data-elementor-id=\"15\" class=\"elementor elementor-15\">\n\t\t\t\t<div class=\"elementor-element elementor-element-1465e4d e-flex e-con-boxed e-con e-parent\" data-id=\"1465e4d\" data-element_type=\"container\" data-e-type=\"container\">\n\t\t\t\t\t<div class=\"e-con-inner\">\n\t\t\t\t<div class=\"elementor-element elementor-element-b8fa9fe elementor-widget elementor-widget-spacer\" data-id=\"b8fa9fe\" data-element_type=\"widget\" data-e-type=\"widget\" data-widget_type=\"spacer.default\">\n\t\t\t\t<div class=\"elementor-widget-container\">\n\t\t\t\t\t\t\t<div class=\"elementor-spacer\">\n\t\t\t<div class=\"elementor-spacer-inner\"><\/div>\n\t\t<\/div>\n\t\t\t\t\t\t<\/div>\n\t\t\t\t<\/div>\n\t\t\t\t\t<\/div>\n\t\t\t\t<\/div>\n\t\t<div class=\"elementor-element elementor-element-e481398 e-flex e-con-boxed e-con e-parent\" data-id=\"e481398\" data-element_type=\"container\" data-e-type=\"container\">\n\t\t\t\t\t<div class=\"e-con-inner\">\n\t\t<div class=\"elementor-element elementor-element-a7213a6 e-con-full e-flex e-con e-child\" data-id=\"a7213a6\" data-element_type=\"container\" data-e-type=\"container\">\n\t\t\t\t<div class=\"elementor-element elementor-element-c5c1399 elementor-widget elementor-widget-text-editor\" data-id=\"c5c1399\" data-element_type=\"widget\" data-e-type=\"widget\" data-widget_type=\"text-editor.default\">\n\t\t\t\t<div class=\"elementor-widget-container\">\n\t\t\t\t\t\t\t\t\t<p>Como Agencia de Seguros, EA seguros con\u00a0 m\u00e1s de\u00a0 9 a\u00f1os en el sector asegurador , se caracteriza por tener un portafolio de Servicios cuya propuesta de valor es La Confianza y el Respaldo de nuestros clientes (contratante, asegurado o beneficiario).<\/p>\t\t\t\t\t\t\t\t<\/div>\n\t\t\t\t<\/div>\n\t\t\t\t<div class=\"elementor-element elementor-element-443f661 elementor-widget elementor-widget-image\" data-id=\"443f661\" data-element_type=\"widget\" data-e-type=\"widget\" data-widget_type=\"image.default\">\n\t\t\t\t<div class=\"elementor-widget-container\">\n\t\t\t\t\t\t\t\t\t\t\t\t\t\t\t<img decoding=\"async\" width=\"300\" height=\"150\" src=\"https:\/\/easeguros.com\/wordpress\/wp-content\/uploads\/2024\/08\/Logo-1-300x150.jpg\" class=\"attachment-medium size-medium wp-image-1557\" alt=\"\" srcset=\"https:\/\/easeguros.com\/wordpress\/wp-content\/uploads\/2024\/08\/Logo-1-300x150.jpg 300w, https:\/\/easeguros.com\/wordpress\/wp-content\/uploads\/2024\/08\/Logo-1-1024x512.jpg 1024w, https:\/\/easeguros.com\/wordpress\/wp-content\/uploads\/2024\/08\/Logo-1-768x384.jpg 768w, https:\/\/easeguros.com\/wordpress\/wp-content\/uploads\/2024\/08\/Logo-1.jpg 1200w\" sizes=\"(max-width: 300px) 100vw, 300px\" \/>\t\t\t\t\t\t\t\t\t\t\t\t\t\t\t<\/div>\n\t\t\t\t<\/div>\n\t\t\t\t<\/div>\n\t\t<div class=\"elementor-element elementor-element-aa62dfd e-con-full e-flex e-con e-child\" data-id=\"aa62dfd\" data-element_type=\"container\" data-e-type=\"container\">\n\t\t\t\t<div class=\"elementor-element elementor-element-d8e10cd elementor-widget elementor-widget-image\" data-id=\"d8e10cd\" data-element_type=\"widget\" data-e-type=\"widget\" data-widget_type=\"image.default\">\n\t\t\t\t<div class=\"elementor-widget-container\">\n\t\t\t\t\t\t\t\t\t\t\t\t\t\t\t<img decoding=\"async\" src=\"https:\/\/easeguros.com\/wordpress\/wp-content\/uploads\/elementor\/thumbs\/Manos_1-1-qoif363nio2oczhie15fj773oazty36frznbehlqtc.jpg\" title=\"Manos_1\" alt=\"Manos_1\" loading=\"lazy\" \/>\t\t\t\t\t\t\t\t\t\t\t\t\t\t\t<\/div>\n\t\t\t\t<\/div>\n\t\t\t\t<\/div>\n\t\t\t\t\t<\/div>\n\t\t\t\t<\/div>\n\t\t<div class=\"elementor-element elementor-element-0fb27f5 e-flex e-con-boxed e-con e-parent\" data-id=\"0fb27f5\" data-element_type=\"container\" data-e-type=\"container\">\n\t\t\t\t\t<div class=\"e-con-inner\">\n\t\t\t\t<div class=\"elementor-element elementor-element-22983e6 elementor-widget elementor-widget-spacer\" data-id=\"22983e6\" data-element_type=\"widget\" data-e-type=\"widget\" data-widget_type=\"spacer.default\">\n\t\t\t\t<div class=\"elementor-widget-container\">\n\t\t\t\t\t\t\t<div class=\"elementor-spacer\">\n\t\t\t<div class=\"elementor-spacer-inner\"><\/div>\n\t\t<\/div>\n\t\t\t\t\t\t<\/div>\n\t\t\t\t<\/div>\n\t\t\t\t\t<\/div>\n\t\t\t\t<\/div>\n\t\t<div class=\"elementor-element elementor-element-1523952 e-flex e-con-boxed e-con e-parent\" data-id=\"1523952\" data-element_type=\"container\" data-e-type=\"container\">\n\t\t\t\t\t<div class=\"e-con-inner\">\n\t\t<div class=\"elementor-element elementor-element-e3e3b1b e-con-full e-flex e-con e-child\" data-id=\"e3e3b1b\" data-element_type=\"container\" data-e-type=\"container\">\n\t\t\t\t<div class=\"elementor-element elementor-element-ce741b7 elementor-widget elementor-widget-heading\" data-id=\"ce741b7\" data-element_type=\"widget\" data-e-type=\"widget\" data-widget_type=\"heading.default\">\n\t\t\t\t<div class=\"elementor-widget-container\">\n\t\t\t\t\t<h2 class=\"elementor-heading-title elementor-size-default\">Misi\u00f3n<\/h2>\t\t\t\t<\/div>\n\t\t\t\t<\/div>\n\t\t<div class=\"elementor-element elementor-element-c69fec7 e-con-full e-flex e-con e-child\" data-id=\"c69fec7\" data-element_type=\"container\" data-e-type=\"container\">\n\t\t\t\t<div class=\"elementor-element elementor-element-457da52 elementor-widget elementor-widget-text-editor\" data-id=\"457da52\" data-element_type=\"widget\" data-e-type=\"widget\" data-widget_type=\"text-editor.default\">\n\t\t\t\t<div class=\"elementor-widget-container\">\n\t\t\t\t\t\t\t\t\t<p>Ofrecer una Orientaci\u00f3n de Calidad y Transparente, respaldada por un equipo de Profesionales en el Asesoramiento con las mejores coberturas y portafolio de productos del mercado de los Seguros.<\/p>\t\t\t\t\t\t\t\t<\/div>\n\t\t\t\t<\/div>\n\t\t\t\t<\/div>\n\t\t\t\t<\/div>\n\t\t<div class=\"elementor-element elementor-element-1ccb21d e-con-full e-flex e-con e-child\" data-id=\"1ccb21d\" data-element_type=\"container\" data-e-type=\"container\">\n\t\t\t\t<div class=\"elementor-element elementor-element-ccaebe1 elementor-widget elementor-widget-heading\" data-id=\"ccaebe1\" data-element_type=\"widget\" data-e-type=\"widget\" data-widget_type=\"heading.default\">\n\t\t\t\t<div class=\"elementor-widget-container\">\n\t\t\t\t\t<h2 class=\"elementor-heading-title elementor-size-default\">Visi\u00f3n<\/h2>\t\t\t\t<\/div>\n\t\t\t\t<\/div>\n\t\t\t\t<div class=\"elementor-element elementor-element-a1bb105 elementor-widget elementor-widget-text-editor\" data-id=\"a1bb105\" data-element_type=\"widget\" data-e-type=\"widget\" data-widget_type=\"text-editor.default\">\n\t\t\t\t<div class=\"elementor-widget-container\">\n\t\t\t\t\t\t\t\t\t<p>Defender y Asesorar los preciados intereses que inciden en los principales ejes de la vida de nuestros clientes: Financiero y Patrimonial, Familiar y Vida, Empresarial, tanto a nivel Nacional como Internacional .<\/p>\t\t\t\t\t\t\t\t<\/div>\n\t\t\t\t<\/div>\n\t\t\t\t<\/div>\n\t\t\t\t\t<\/div>\n\t\t\t\t<\/div>\n\t\t<div class=\"elementor-element elementor-element-24b5dcc e-flex e-con-boxed e-con e-parent\" data-id=\"24b5dcc\" data-element_type=\"container\" data-e-type=\"container\">\n\t\t\t\t\t<div class=\"e-con-inner\">\n\t\t\t\t<div class=\"elementor-element elementor-element-06f81d1 elementor-widget elementor-widget-spacer\" data-id=\"06f81d1\" data-element_type=\"widget\" data-e-type=\"widget\" data-widget_type=\"spacer.default\">\n\t\t\t\t<div class=\"elementor-widget-container\">\n\t\t\t\t\t\t\t<div class=\"elementor-spacer\">\n\t\t\t<div class=\"elementor-spacer-inner\"><\/div>\n\t\t<\/div>\n\t\t\t\t\t\t<\/div>\n\t\t\t\t<\/div>\n\t\t\t\t\t<\/div>\n\t\t\t\t<\/div>\n\t\t<div class=\"elementor-element elementor-element-b85e733 e-flex e-con-boxed e-con e-parent\" data-id=\"b85e733\" data-element_type=\"container\" data-e-type=\"container\">\n\t\t\t\t\t<div class=\"e-con-inner\">\n\t\t<div class=\"elementor-element elementor-element-0dfb856 e-con-full e-flex e-con e-child\" data-id=\"0dfb856\" data-element_type=\"container\" data-e-type=\"container\">\n\t\t\t\t<div class=\"elementor-element elementor-element-131d7c4 elementor-widget elementor-widget-heading\" data-id=\"131d7c4\" data-element_type=\"widget\" data-e-type=\"widget\" data-widget_type=\"heading.default\">\n\t\t\t\t<div class=\"elementor-widget-container\">\n\t\t\t\t\t<h2 class=\"elementor-heading-title elementor-size-default\">\u00bfQu\u00e9 Ofrecemos?<\/h2>\t\t\t\t<\/div>\n\t\t\t\t<\/div>\n\t\t\t\t<\/div>\n\t\t<div class=\"elementor-element elementor-element-38ac6b1 e-con-full e-flex e-con e-child\" data-id=\"38ac6b1\" data-element_type=\"container\" data-e-type=\"container\">\n\t\t\t\t<div class=\"elementor-element elementor-element-00c1b2a elementor-tabs-view-horizontal elementor-widget elementor-widget-tabs\" data-id=\"00c1b2a\" data-element_type=\"widget\" data-e-type=\"widget\" data-widget_type=\"tabs.default\">\n\t\t\t\t<div class=\"elementor-widget-container\">\n\t\t\t\t\t\t\t<div class=\"elementor-tabs\">\n\t\t\t<div class=\"elementor-tabs-wrapper\" role=\"tablist\" >\n\t\t\t\t\t\t\t\t\t<div id=\"elementor-tab-title-7931\" class=\"elementor-tab-title elementor-tab-desktop-title\" aria-selected=\"true\" data-tab=\"1\" role=\"tab\" tabindex=\"0\" aria-controls=\"elementor-tab-content-7931\" aria-expanded=\"false\">An\u00e1lisis<\/div>\n\t\t\t\t\t\t\t\t\t<div id=\"elementor-tab-title-7932\" class=\"elementor-tab-title elementor-tab-desktop-title\" aria-selected=\"false\" data-tab=\"2\" role=\"tab\" tabindex=\"-1\" aria-controls=\"elementor-tab-content-7932\" aria-expanded=\"false\">Asesor\u00eda<\/div>\n\t\t\t\t\t\t\t\t\t<div id=\"elementor-tab-title-7933\" class=\"elementor-tab-title elementor-tab-desktop-title\" aria-selected=\"false\" data-tab=\"3\" role=\"tab\" tabindex=\"-1\" aria-controls=\"elementor-tab-content-7933\" aria-expanded=\"false\">Acompa\u00f1amiento<\/div>\n\t\t\t\t\t\t\t<\/div>\n\t\t\t<div class=\"elementor-tabs-content-wrapper\" role=\"tablist\" aria-orientation=\"vertical\">\n\t\t\t\t\t\t\t\t\t<div class=\"elementor-tab-title elementor-tab-mobile-title\" aria-selected=\"true\" data-tab=\"1\" role=\"tab\" tabindex=\"0\" aria-controls=\"elementor-tab-content-7931\" aria-expanded=\"false\">An\u00e1lisis<\/div>\n\t\t\t\t\t<div id=\"elementor-tab-content-7931\" class=\"elementor-tab-content elementor-clearfix\" data-tab=\"1\" role=\"tabpanel\" aria-labelledby=\"elementor-tab-title-7931\" tabindex=\"0\" hidden=\"false\"><ul>\n<li>Identificar, Analizar y Evaluar Riesgos<\/li>\n<li>Auditar L\u00edneas y Ramos de seguros.<\/li>\n<\/ul><\/div>\n\t\t\t\t\t\t\t\t\t<div class=\"elementor-tab-title elementor-tab-mobile-title\" aria-selected=\"false\" data-tab=\"2\" role=\"tab\" tabindex=\"-1\" aria-controls=\"elementor-tab-content-7932\" aria-expanded=\"false\">Asesor\u00eda<\/div>\n\t\t\t\t\t<div id=\"elementor-tab-content-7932\" class=\"elementor-tab-content elementor-clearfix\" data-tab=\"2\" role=\"tabpanel\" aria-labelledby=\"elementor-tab-title-7932\" tabindex=\"0\" hidden=\"hidden\"><ul>\n<li>Convertir riesgos en protecci\u00f3n, contratando coberturas en el Mercado Nacional e Internacional de seguros<\/li>\n<li><span style=\"background-color: transparent; color: var( --e-global-color-text ); font-family: var( --e-global-typography-text-font-family ), Sans-serif; font-weight: var( --e-global-typography-text-font-weight );\">Estructurar Coberturas, Tarifas y Deducibles<\/span><\/li>\n<li>Asesorar\u00a0 en Control de P\u00e9rdidas y Planes de contingencia<\/li>\n<\/ul><\/div>\n\t\t\t\t\t\t\t\t\t<div class=\"elementor-tab-title elementor-tab-mobile-title\" aria-selected=\"false\" data-tab=\"3\" role=\"tab\" tabindex=\"-1\" aria-controls=\"elementor-tab-content-7933\" aria-expanded=\"false\">Acompa\u00f1amiento<\/div>\n\t\t\t\t\t<div id=\"elementor-tab-content-7933\" class=\"elementor-tab-content elementor-clearfix\" data-tab=\"3\" role=\"tabpanel\" aria-labelledby=\"elementor-tab-title-7933\" tabindex=\"0\" hidden=\"hidden\"><ul>\n<li>Representar los intereses de nuestros clientes ante las\u00a0 \u00a0compa\u00f1\u00edas aseguradoras.<\/li>\n<li>Apoyar y Asesorar durante el proceso de un siniestro<\/li>\n<\/ul><\/div>\n\t\t\t\t\t\t\t<\/div>\n\t\t<\/div>\n\t\t\t\t\t\t<\/div>\n\t\t\t\t<\/div>\n\t\t\t\t<\/div>\n\t\t\t\t\t<\/div>\n\t\t\t\t<\/div>\n\t\t<div class=\"elementor-element elementor-element-87a2db8 e-flex e-con-boxed e-con e-parent\" data-id=\"87a2db8\" data-element_type=\"container\" data-e-type=\"container\">\n\t\t\t\t\t<div class=\"e-con-inner\">\n\t\t\t\t<div class=\"elementor-element elementor-element-e452725 elementor-widget elementor-widget-spacer\" data-id=\"e452725\" data-element_type=\"widget\" data-e-type=\"widget\" data-widget_type=\"spacer.default\">\n\t\t\t\t<div class=\"elementor-widget-container\">\n\t\t\t\t\t\t\t<div class=\"elementor-spacer\">\n\t\t\t<div class=\"elementor-spacer-inner\"><\/div>\n\t\t<\/div>\n\t\t\t\t\t\t<\/div>\n\t\t\t\t<\/div>\n\t\t\t\t\t<\/div>\n\t\t\t\t<\/div>\n\t\t<div class=\"elementor-element elementor-element-c8c2e84 e-flex e-con-boxed e-con e-parent\" data-id=\"c8c2e84\" data-element_type=\"container\" data-e-type=\"container\">\n\t\t\t\t\t<div class=\"e-con-inner\">\n\t\t<div class=\"elementor-element elementor-element-7372750 e-con-full e-flex e-con e-child\" data-id=\"7372750\" data-element_type=\"container\" data-e-type=\"container\">\n\t\t\t\t<div class=\"elementor-element elementor-element-6da895d elementor-widget elementor-widget-image\" data-id=\"6da895d\" data-element_type=\"widget\" data-e-type=\"widget\" data-widget_type=\"image.default\">\n\t\t\t\t<div class=\"elementor-widget-container\">\n\t\t\t\t\t\t\t\t\t\t\t\t\t\t\t<img fetchpriority=\"high\" decoding=\"async\" width=\"768\" height=\"768\" src=\"https:\/\/easeguros.com\/wordpress\/wp-content\/uploads\/2024\/05\/People_wkng1.jpg\" class=\"attachment-large size-large wp-image-1496\" alt=\"\" srcset=\"https:\/\/easeguros.com\/wordpress\/wp-content\/uploads\/2024\/05\/People_wkng1.jpg 768w, https:\/\/easeguros.com\/wordpress\/wp-content\/uploads\/2024\/05\/People_wkng1-300x300.jpg 300w, https:\/\/easeguros.com\/wordpress\/wp-content\/uploads\/2024\/05\/People_wkng1-150x150.jpg 150w\" sizes=\"(max-width: 768px) 100vw, 768px\" \/>\t\t\t\t\t\t\t\t\t\t\t\t\t\t\t<\/div>\n\t\t\t\t<\/div>\n\t\t\t\t<\/div>\n\t\t<div class=\"elementor-element elementor-element-f39d009 e-con-full e-flex e-con e-child\" data-id=\"f39d009\" data-element_type=\"container\" data-e-type=\"container\">\n\t\t<div class=\"elementor-element elementor-element-5e28bdb e-flex e-con-boxed e-con e-child\" data-id=\"5e28bdb\" data-element_type=\"container\" data-e-type=\"container\">\n\t\t\t\t\t<div class=\"e-con-inner\">\n\t\t\t\t<div class=\"elementor-element elementor-element-350b82e elementor-widget elementor-widget-heading\" data-id=\"350b82e\" data-element_type=\"widget\" data-e-type=\"widget\" data-widget_type=\"heading.default\">\n\t\t\t\t<div class=\"elementor-widget-container\">\n\t\t\t\t\t<h3 class=\"elementor-heading-title elementor-size-default\">Guiando a tu empresa a trav\u00e9s del proyecto<\/h3>\t\t\t\t<\/div>\n\t\t\t\t<\/div>\n\t\t\t\t\t<\/div>\n\t\t\t\t<\/div>\n\t\t<div class=\"elementor-element elementor-element-afeb0c0 e-flex e-con-boxed e-con e-child\" data-id=\"afeb0c0\" data-element_type=\"container\" data-e-type=\"container\">\n\t\t\t\t\t<div class=\"e-con-inner\">\n\t\t\t\t<div class=\"elementor-element elementor-element-0f72bea elementor-widget elementor-widget-text-editor\" data-id=\"0f72bea\" data-element_type=\"widget\" data-e-type=\"widget\" data-widget_type=\"text-editor.default\">\n\t\t\t\t<div class=\"elementor-widget-container\">\n\t\t\t\t\t\t\t\t\t<p style=\"text-align: center;\">Nuestro compromiso es generar relaciones s\u00f3lidas entre Empresa y Asegurado, con un enfoque orientado a brindar la mejor asesor\u00eda acorde a su exigencia y situaci\u00f3n.<\/p><p>Contando con su equipo de trabajo con mas de 24 a\u00f1os de Experiencia en Multinacionales de Seguros reconocidas en Colombia ( Suramericana de Seguros y Generali Colombia , ahora su nuevo due\u00f1o HDI ) , adem\u00e1s en nuestro equipo Corporativo contamos con las \u00c1reas Financiera y Juridica , para el respaldo de nuestro Clientes.<\/p>\t\t\t\t\t\t\t\t<\/div>\n\t\t\t\t<\/div>\n\t\t\t\t\t<\/div>\n\t\t\t\t<\/div>\n\t\t\t\t<\/div>\n\t\t\t\t\t<\/div>\n\t\t\t\t<\/div>\n\t\t<div class=\"elementor-element elementor-element-4153f10 e-flex e-con-boxed e-con e-parent\" data-id=\"4153f10\" data-element_type=\"container\" data-e-type=\"container\">\n\t\t\t\t\t<div class=\"e-con-inner\">\n\t\t\t\t<div class=\"elementor-element elementor-element-e92efc4 elementor-widget-divider--view-line elementor-widget elementor-widget-divider\" data-id=\"e92efc4\" data-element_type=\"widget\" data-e-type=\"widget\" data-widget_type=\"divider.default\">\n\t\t\t\t<div class=\"elementor-widget-container\">\n\t\t\t\t\t\t\t<div class=\"elementor-divider\">\n\t\t\t<span class=\"elementor-divider-separator\">\n\t\t\t\t\t\t<\/span>\n\t\t<\/div>\n\t\t\t\t\t\t<\/div>\n\t\t\t\t<\/div>\n\t\t\t\t\t<\/div>\n\t\t\t\t<\/div>\n\t\t\t\t<\/div>\n\t\t","protected":false},"excerpt":{"rendered":"<p>Como Agencia de Seguros, EA seguros con\u00a0 m\u00e1s de\u00a0 9 a\u00f1os en el sector asegurador , se caracteriza por tener un portafolio de Servicios cuya propuesta de valor es La Confianza y el Respaldo de nuestros clientes (contratante, asegurado o beneficiario). Misi\u00f3n Ofrecer una Orientaci\u00f3n de Calidad y Transparente, respaldada por un equipo de Profesionales&#8230;<\/p>\n","protected":false},"author":1,"featured_media":0,"parent":0,"menu_order":0,"comment_status":"closed","ping_status":"closed","template":"","meta":{"_kadence_starter_templates_imported_post":false,"_kad_post_transparent":"","_kad_post_title":"","_kad_post_layout":"","_kad_post_sidebar_id":"","_kad_post_content_style":"","_kad_post_vertical_padding":"","_kad_post_feature":"","_kad_post_feature_position":"","_kad_post_header":false,"_kad_post_footer":false,"_joinchat":[],"footnotes":""},"class_list":["post-15","page","type-page","status-publish","hentry"],"_links":{"self":[{"href":"https:\/\/easeguros.com\/wordpress\/index.php?rest_route=\/wp\/v2\/pages\/15","targetHints":{"allow":["GET"]}}],"collection":[{"href":"https:\/\/easeguros.com\/wordpress\/index.php?rest_route=\/wp\/v2\/pages"}],"about":[{"href":"https:\/\/easeguros.com\/wordpress\/index.php?rest_route=\/wp\/v2\/types\/page"}],"author":[{"embeddable":true,"href":"https:\/\/easeguros.com\/wordpress\/index.php?rest_route=\/wp\/v2\/users\/1"}],"replies":[{"embeddable":true,"href":"https:\/\/easeguros.com\/wordpress\/index.php?rest_route=%2Fwp%2Fv2%2Fcomments&post=15"}],"version-history":[{"count":17,"href":"https:\/\/easeguros.com\/wordpress\/index.php?rest_route=\/wp\/v2\/pages\/15\/revisions"}],"predecessor-version":[{"id":1560,"href":"https:\/\/easeguros.com\/wordpress\/index.php?rest_route=\/wp\/v2\/pages\/15\/revisions\/1560"}],"wp:attachment":[{"href":"https:\/\/easeguros.com\/wordpress\/index.php?rest_route=%2Fwp%2Fv2%2Fmedia&parent=15"}],"curies":[{"name":"wp","href":"https:\/\/api.w.org\/{rel}","templated":true}]}}